{"id":47011,"date":"2022-03-02T12:02:32","date_gmt":"2022-03-02T11:02:33","guid":{"rendered":"https:\/\/solpuri.com\/?post_type=product&#038;p=47011"},"modified":"2022-03-04T14:42:51","modified_gmt":"2022-03-04T13:42:51","slug":"loop-arrangement-d","status":"publish","type":"product","link":"https:\/\/solpuri.com\/en\/product\/loop-arrangement-d\/","title":{"rendered":"LOOP Arrangement D"},"content":{"rendered":"<p>The LOOP Lounge was designed by the designer Hoffmann &amp; Kahleyss in 2022. Begonnen mit dem LOOP Dining Sessel wurde im Jahr 2020 von den Designern Hoffmann &amp; Kahleyss eine Erfolgsserie begonnen. LOOP zeichnet sich durch seine grazile Formgebung aus und ist f\u00fcr Kunden*innen entwickelt, die es filigran, rund aber dennoch bequem w\u00fcnschen. Dabei wurde der Dining Sessel um einen komfortabelen Relaxsessel mit zugeh\u00f6rigem Hocker erweitert, der sowohl als Solit\u00e4rm\u00f6bel, als auch in der Gruppe, die Blicke auf sich zieht. Durch die Modularit\u00e4t der weiteren Lounge Elemente kann im LOOP-Look eine komplette Loungegruppe geschaffen werden. Dabei steht die gesamte Erscheinung im Mittelpunkt: elegant minimalistisch kombiniert mit h\u00f6chstem Sitzkomfort.<\/p>\n","protected":false},"excerpt":{"rendered":"<p>The LOOP Lounge was designed by the designer Hoffmann &amp; Kahleyss in 2022. Begonnen mit dem LOOP Dining Sessel wurde im Jahr 2020 von den Designern Hoffmann &amp; Kahleyss eine Erfolgsserie begonnen. LOOP zeichnet sich durch seine grazile Formgebung aus und ist f\u00fcr Kunden*innen entwickelt, die es filigran, rund aber dennoch bequem w\u00fcnschen. Dabei wurde [&hellip;]<\/p>\n","protected":false},"featured_media":46947,"comment_status":"closed","ping_status":"closed","template":"","meta":[],"product_brand":[],"product_cat":[386,356,500],"product_tag":[],"class_list":{"0":"post-47011","1":"product","2":"type-product","3":"status-publish","4":"has-post-thumbnail","6":"product_cat-sofas-lounge-furniture-en-products-en","7":"product_cat-hoffmann-kahleyss-design-en","8":"product_cat-loop-lounge-en","10":"first","11":"instock","12":"shipping-taxable","13":"product-type-simple"},"_links":{"self":[{"href":"https:\/\/solpuri.com\/en\/wp-json\/wp\/v2\/product\/47011","targetHints":{"allow":["GET"]}}],"collection":[{"href":"https:\/\/solpuri.com\/en\/wp-json\/wp\/v2\/product"}],"about":[{"href":"https:\/\/solpuri.com\/en\/wp-json\/wp\/v2\/types\/product"}],"replies":[{"embeddable":true,"href":"https:\/\/solpuri.com\/en\/wp-json\/wp\/v2\/comments?post=47011"}],"wp:featuredmedia":[{"embeddable":true,"href":"https:\/\/solpuri.com\/en\/wp-json\/wp\/v2\/media\/46947"}],"wp:attachment":[{"href":"https:\/\/solpuri.com\/en\/wp-json\/wp\/v2\/media?parent=47011"}],"wp:term":[{"taxonomy":"product_brand","embeddable":true,"href":"https:\/\/solpuri.com\/en\/wp-json\/wp\/v2\/product_brand?post=47011"},{"taxonomy":"product_cat","embeddable":true,"href":"https:\/\/solpuri.com\/en\/wp-json\/wp\/v2\/product_cat?post=47011"},{"taxonomy":"product_tag","embeddable":true,"href":"https:\/\/solpuri.com\/en\/wp-json\/wp\/v2\/product_tag?post=47011"}],"curies":[{"name":"wp","href":"https:\/\/api.w.org\/{rel}","templated":true}]}}