{"id":2694,"date":"2016-03-17T10:48:04","date_gmt":"2016-03-17T09:48:04","guid":{"rendered":"http:\/\/solpuri.arrangio-online.de\/?page_id=2694&#038;lang=en"},"modified":"2026-03-25T11:16:06","modified_gmt":"2026-03-25T10:16:06","slug":"home","status":"publish","type":"page","link":"https:\/\/solpuri.com\/en\/","title":{"rendered":"Home"},"content":{"rendered":"<section class=\"wpb-content-wrapper\"><p>[vc_row full_width=&#8221;stretch_row_content_no_spaces&#8221; equal_height=&#8221;yes&#8221; content_placement=&#8221;bottom&#8221;][vc_column el_class=&#8221;mobile-video-auto-height&#8221;][vc_raw_html]JTNDdmlkZW8lMjBhdXRvcGxheSUyMGxvb3AlMjBtdXRlZCUyMHdpZHRoJTNEJTIyMTAwJTI1JTIyJTIwcGxheXNpbmxpbmUlM0UlMEElM0Nzb3VyY2UlMjBzcmMlM0QlMjJodHRwcyUzQSUyRiUyRnNvbHB1cmkuY29tJTJGd3AtY29udGVudCUyRnVwbG9hZHMlMkYyMDIzJTJGMTIlMkZTb2xwdXJpX0Ryb2huZV9NYWxsb3JjYV9XRUJfNzIwcC5tcDQlMjIlMjB0eXBlJTNEJTIydmlkZW8lMkZtcDQlMjIlM0UlMEElMjAlMjBEYXMlMjBWaWRlbyUyMGthbm4lMjBsZWlkZXIlMjBuaWNodCUyMGRhcmdlc3RlbGx0JTIwd2VyZGVuJTJDJTIwZGElMjBJaHIlMjBCcm93c2VyJTIwZGllc2VzJTIwbmljaHQlMjB1bnRlcnN0JUMzJUJDdHp0LiUwQSUzQyUyRnZpZGVvJTNF[\/vc_raw_html][\/vc_column][\/vc_row][vc_row css=&#8221;.vc_custom_1746450533763{margin-top: -50px !important;background-color: #97aab8 !important;}&#8221;][vc_column width=&#8221;1\/6&#8243;][\/vc_column][vc_column width=&#8221;2\/6&#8243;][vc_column_text]<\/p>\n<h3 style=\"color: #ffffff; text-align: left;\">Inspiriert von der Sonne \u2013 sol.<br \/>\nBegeistert von Design \u2013 puri.<\/h3>\n<p>[\/vc_column_text][\/vc_column][vc_column width=&#8221;2\/6&#8243; css=&#8221;.vc_custom_1711022829030{margin-top: 20px !important;}&#8221;][vc_column_text]<span style=\"color: #ffffff;\">solpuri verbindet die Lebensenergie der Sonne<br \/>\nmit der Klarheit gelungener Gestaltung.<\/span>[\/vc_column_text][\/vc_column][vc_column width=&#8221;1\/6&#8243;][\/vc_column][\/vc_row][vc_row type=&#8221;boxed&#8221;][vc_column][vc_empty_space height=&#8221;70px&#8221;][\/vc_column][\/vc_row][vc_row type=&#8221;boxed&#8221; el_class=&#8221;default-image&#8221;][vc_column width=&#8221;1\/3&#8243;][vc_single_image image=&#8221;52304&#8243; img_size=&#8221;large&#8221; alignment=&#8221;center&#8221; onclick=&#8221;custom_link&#8221; css_animation=&#8221;none&#8221; link=&#8221;https:\/\/solpuri.com\/kollektion-chill\/&#8221;][vc_column_text]<\/p>\n<p style=\"text-align: center;\"><span style=\"color: #ae976d;\"><a href=\"https:\/\/solpuri.com\/kollektion-chill\/\">CHILL goes German Design Award<\/a><br \/>\n<\/span>[\/vc_column_text][\/vc_column][vc_column width=&#8221;1\/3&#8243;][vc_single_image image=&#8221;52306&#8243; img_size=&#8221;large&#8221; alignment=&#8221;center&#8221; onclick=&#8221;custom_link&#8221; css_animation=&#8221;none&#8221; link=&#8221;https:\/\/solpuri.com\/salone-del-mobile-2025\/&#8221;][vc_column_text]<\/p>\n<p style=\"text-align: center;\"><a href=\"https:\/\/solpuri.com\/produkt-kategorie\/designer\/hoffmann-kahleyss-design\/\">Hoffmann Kahleyss Design<\/a><\/p>\n<p>[\/vc_column_text][\/vc_column][vc_column width=&#8221;1\/3&#8243;][vc_single_image image=&#8221;52308&#8243; img_size=&#8221;large&#8221; alignment=&#8221;center&#8221; onclick=&#8221;custom_link&#8221; css_animation=&#8221;none&#8221; link=&#8221;https:\/\/solpuri.com\/service\/#katalog&#8221;][vc_column_text]<\/p>\n<p style=\"text-align: center;\"><span style=\"color: #ae976d;\"><a href=\"https:\/\/solpuri.com\/service\/#katalog\" target=\"_blank\" rel=\"noopener noreferrer\">Katalog 2026<\/a><br \/>\n<\/span><\/p>\n<p>[\/vc_column_text][\/vc_column][\/vc_row][vc_row full_width=&#8221;stretch_row_content_no_spaces&#8221; el_class=&#8221;default-image&#8221;][vc_column][vc_empty_space height=&#8221;150px&#8221; css=&#8221;.vc_custom_1724852237571{margin-top: -40px !important;}&#8221;][vc_single_image image=&#8221;50796&#8243; img_size=&#8221;full&#8221; onclick=&#8221;custom_link&#8221; link=&#8221;https:\/\/planer.solpuri.com\/&#8221;][\/vc_column][\/vc_row][vc_row css=&#8221;.vc_custom_1711022572260{margin-top: -50px !important;padding-top: 50px !important;padding-bottom: 50px !important;background-color: #97aab8 !important;}&#8221;][vc_column][vc_column_text]<\/p>\n<h3 style=\"color: #ffffff; text-align: center;\">Jetzt online: Der neue solpuri 3D-Planer!<\/h3>\n<p>[\/vc_column_text][vc_btn title=&#8221;Jetzt planen&#8221; style=&#8221;custom&#8221; custom_background=&#8221;#484847&#8243; custom_text=&#8221;#ffffff&#8221; shape=&#8221;square&#8221; align=&#8221;center&#8221; link=&#8221;url:https%3A%2F%2Fplaner.solpuri.com%2F|&#8221;][\/vc_column][\/vc_row][vc_row full_width=&#8221;stretch_row_content_no_spaces&#8221;][vc_column][vc_empty_space height=&#8221;150px&#8221;][\/vc_column][\/vc_row][vc_row type=&#8221;boxed&#8221;][vc_column width=&#8221;1\/3&#8243;][vc_column_text]<\/p>\n<h3>Komfort,<br \/>\nNachhaltigkeit<br \/>\nund Qualit\u00e4t<\/h3>\n<p>[\/vc_column_text][\/vc_column][vc_column width=&#8221;1\/3&#8243;][\/vc_column][vc_column width=&#8221;1\/3&#8243;][\/vc_column][\/vc_row][vc_row type=&#8221;boxed&#8221; el_class=&#8221;default-image&#8221;][vc_column width=&#8221;1\/3&#8243;][vc_single_image image=&#8221;50294&#8243; img_size=&#8221;380x500px&#8221; css_animation=&#8221;none&#8221;][\/vc_column][vc_column width=&#8221;1\/3&#8243;][vc_single_image image=&#8221;50296&#8243; img_size=&#8221;380x500px&#8221; css_animation=&#8221;none&#8221;][\/vc_column][vc_column width=&#8221;1\/3&#8243; css=&#8221;.vc_custom_1711023749483{margin-left: 20px !important;padding-top: 55px !important;padding-right: 50px !important;padding-bottom: 40px !important;padding-left: 50px !important;background-color: #97aab8 !important;}&#8221;][vc_column_text]<span style=\"color: #ffffff;\">Komfort, Nachhaltigkeit und Qualit\u00e4t sind die Werkstoffe, aus denen wir mit Liebe zum Detail und besonderer Sorgfalt unsere ebenso innovativen wie langlebigen Outdoorm\u00f6bel fertigen. Lassen Sie sich von solpuri auf die Sonnenseite des Lebens entf\u00fchren und genie\u00dfen Sie unbeschwerte Stunden und Moments der Ruhe und Entspannung.<\/span>[\/vc_column_text][vc_btn title=&#8221;Erfahren Sie mehr&#8221; style=&#8221;custom&#8221; custom_background=&#8221;#484847&#8243; custom_text=&#8221;#ffffff&#8221; shape=&#8221;square&#8221; align=&#8221;center&#8221; link=&#8221;url:https%3A%2F%2Fsolpuri.com%2Fsolpuri%2F%23nachhaltigkeit|&#8221;][\/vc_column][\/vc_row][vc_row full_width=&#8221;stretch_row_content_no_spaces&#8221;][vc_column][vc_empty_space height=&#8221;50px&#8221;][\/vc_column][\/vc_row][vc_column width=&#8221;2\/3&#8243;][\/vc_column]<\/p>\n<\/section>","protected":false},"excerpt":{"rendered":"<p>[vc_row full_width=&#8221;stretch_row_content_no_spaces&#8221; equal_height=&#8221;yes&#8221; content_placement=&#8221;bottom&#8221;][vc_column el_class=&#8221;mobile-video-auto-height&#8221;][vc_raw_html]JTNDdmlkZW8lMjBhdXRvcGxheSUyMGxvb3AlMjBtdXRlZCUyMHdpZHRoJTNEJTIyMTAwJTI1JTIyJTIwcGxheXNpbmxpbmUlM0UlMEElM0Nzb3VyY2UlMjBzcmMlM0QlMjJodHRwcyUzQSUyRiUyRnNvbHB1cmkuY29tJTJGd3AtY29udGVudCUyRnVwbG9hZHMlMkYyMDIzJTJGMTIlMkZTb2xwdXJpX0Ryb2huZV9NYWxsb3JjYV9XRUJfNzIwcC5tcDQlMjIlMjB0eXBlJTNEJTIydmlkZW8lMkZtcDQlMjIlM0UlMEElMjAlMjBEYXMlMjBWaWRlbyUyMGthbm4lMjBsZWlkZXIlMjBuaWNodCUyMGRhcmdlc3RlbGx0JTIwd2VyZGVuJTJDJTIwZGElMjBJaHIlMjBCcm93c2VyJTIwZGllc2VzJTIwbmljaHQlMjB1bnRlcnN0JUMzJUJDdHp0LiUwQSUzQyUyRnZpZGVvJTNF[\/vc_raw_html][\/vc_column][\/vc_row][vc_row css=&#8221;.vc_custom_1746450533763{margin-top: -50px !important;background-color: #97aab8 !important;}&#8221;][vc_column width=&#8221;1\/6&#8243;][\/vc_column][vc_column width=&#8221;2\/6&#8243;][vc_column_text] Inspiriert von der Sonne \u2013 sol. Begeistert von Design \u2013 puri. [\/vc_column_text][\/vc_column][vc_column width=&#8221;2\/6&#8243; css=&#8221;.vc_custom_1711022829030{margin-top: 20px !important;}&#8221;][vc_column_text]solpuri verbindet die Lebensenergie der Sonne mit der Klarheit gelungener Gestaltung.[\/vc_column_text][\/vc_column][vc_column width=&#8221;1\/6&#8243;][\/vc_column][\/vc_row][vc_row type=&#8221;boxed&#8221;][vc_column][vc_empty_space height=&#8221;70px&#8221;][\/vc_column][\/vc_row][vc_row type=&#8221;boxed&#8221; el_class=&#8221;default-image&#8221;][vc_column width=&#8221;1\/3&#8243;][vc_single_image image=&#8221;52304&#8243; img_size=&#8221;large&#8221; alignment=&#8221;center&#8221; onclick=&#8221;custom_link&#8221; css_animation=&#8221;none&#8221; link=&#8221;https:\/\/solpuri.com\/kollektion-chill\/&#8221;][vc_column_text] CHILL goes German Design Award [&hellip;]<\/p>\n","protected":false},"author":1,"featured_media":0,"parent":0,"menu_order":0,"comment_status":"open","ping_status":"open","template":"page-full-width.php","meta":{"footnotes":""},"class_list":["post-2694","page","type-page","status-publish","hentry"],"_links":{"self":[{"href":"https:\/\/solpuri.com\/en\/wp-json\/wp\/v2\/pages\/2694","targetHints":{"allow":["GET"]}}],"collection":[{"href":"https:\/\/solpuri.com\/en\/wp-json\/wp\/v2\/pages"}],"about":[{"href":"https:\/\/solpuri.com\/en\/wp-json\/wp\/v2\/types\/page"}],"author":[{"embeddable":true,"href":"https:\/\/solpuri.com\/en\/wp-json\/wp\/v2\/users\/1"}],"replies":[{"embeddable":true,"href":"https:\/\/solpuri.com\/en\/wp-json\/wp\/v2\/comments?post=2694"}],"version-history":[{"count":4,"href":"https:\/\/solpuri.com\/en\/wp-json\/wp\/v2\/pages\/2694\/revisions"}],"predecessor-version":[{"id":52386,"href":"https:\/\/solpuri.com\/en\/wp-json\/wp\/v2\/pages\/2694\/revisions\/52386"}],"wp:attachment":[{"href":"https:\/\/solpuri.com\/en\/wp-json\/wp\/v2\/media?parent=2694"}],"curies":[{"name":"wp","href":"https:\/\/api.w.org\/{rel}","templated":true}]}}